{"id":1234,"date":"2020-04-21T12:06:34","date_gmt":"2020-04-21T10:06:34","guid":{"rendered":"http:\/\/lkksb.lv\/?page_id=1234"},"modified":"2024-05-28T16:56:03","modified_gmt":"2024-05-28T13:56:03","slug":"latvijas-krona-un-kolita-slimnieku-biedriba","status":"publish","type":"page","link":"https:\/\/lkksb.lv\/","title":{"rendered":"Latvijas Krona un kol\u012bta slimnieku biedr\u012bba"},"content":{"rendered":"\n<h2 class=\"wp-block-heading\">Par biedr\u012bbu<\/h2>\n\n\n\n<div id=\"wp-block-themeisle-blocks-advanced-columns-2c363018\" class=\"wp-block-themeisle-blocks-advanced-columns has-2-columns has-desktop-equal-layout has-tablet-equal-layout has-mobile-collapsedRows-layout has-vertical-unset\"><div class=\"wp-block-themeisle-blocks-advanced-columns-overlay\"><\/div><div class=\"innerblocks-wrap\">\n<div id=\"wp-block-themeisle-blocks-advanced-column-541d3cd8\" class=\"wp-block-themeisle-blocks-advanced-column\">\n<p>Latvijas Krona un Kol\u012bta Slimnieku biedr\u012bba ir dibin\u0101ta 2011. gada 19. oktobr\u012b.<\/p>\n\n\n\n<p>Biedr\u012bba ir izveidota, lai apvienotu krona un kol\u012bta slimniekus, vi\u0146u radiniekus, medic\u012bnas darbiniekus un citus cilv\u0113kus.<\/p>\n<\/div>\n\n\n\n<div id=\"wp-block-themeisle-blocks-advanced-column-92c9b7b6\" class=\"wp-block-themeisle-blocks-advanced-column ticss-2f6a5391\">\n<div class=\"wp-block-buttons has-custom-font-size main-button-container has-medium-font-size is-horizontal is-content-justification-center is-nowrap is-layout-flex wp-container-core-buttons-is-layout-f937b32f wp-block-buttons-is-layout-flex\">\n<div class=\"wp-block-button has-custom-width wp-block-button__width-75 has-custom-font-size main-button has-medium-font-size\"><a class=\"wp-block-button__link has-white-color has-text-color has-background has-link-color has-text-align-center wp-element-button\" href=\"http:\/\/lkksb.lv\/?page_id=5\" style=\"border-radius:0px;background-color:#009999\">Vair\u0101k par biedr\u012bbu<\/a><\/div>\n<\/div>\n\n\n\n<div class=\"wp-block-buttons main-button-container is-content-justification-center is-nowrap is-layout-flex wp-container-core-buttons-is-layout-1fb9aab6 wp-block-buttons-is-layout-flex\">\n<div class=\"wp-block-button has-custom-width wp-block-button__width-75 has-custom-font-size main-button has-medium-font-size\"><a class=\"wp-block-button__link has-white-color has-text-color has-background has-link-color has-text-align-center wp-element-button\" href=\"http:\/\/lkksb.lv\/?page_id=13\" style=\"border-radius:0px;background-color:#009999\">Kontakti<\/a><\/div>\n<\/div>\n\n\n\n<div class=\"wp-block-buttons main-button-container is-content-justification-center is-nowrap is-layout-flex wp-container-core-buttons-is-layout-1fb9aab6 wp-block-buttons-is-layout-flex\">\n<div class=\"wp-block-button has-custom-width wp-block-button__width-75 has-custom-font-size main-button has-medium-font-size\"><a class=\"wp-block-button__link has-white-color has-text-color has-background has-link-color has-text-align-center wp-element-button\" href=\"http:\/\/lkksb.lv\/?page_id=88\" style=\"border-radius:0px;background-color:#009999\">Pievienoties<\/a><\/div>\n<\/div>\n<\/div>\n<\/div><\/div>\n\n\n\n<h2 class=\"wp-block-heading\">Jaun\u0101k\u0101s zi\u0146as<\/h2>\n\n\n<div class=\"  wp-block-themeisle-blocks-posts-grid\" id=\"wp-block-themeisle-blocks-posts-grid-c94f315f\"><div class=\"is-grid o-posts-grid-columns-2\"><div class=\"o-posts-grid-post-blog o-posts-grid-post-plain\"><div class=\"o-posts-grid-post\"><div class=\"o-posts-grid-post-image\"><a href=\"https:\/\/lkksb.lv\/?p=1933\"><img loading=\"lazy\" decoding=\"async\" width=\"825\" height=\"400\" src=\"https:\/\/lkksb.lv\/wp-content\/uploads\/2025\/11\/zina-2025-1109_825x400.jpg\" class=\"attachment-full size-full\" alt=\"Slim\u012bbas uzraudz\u012bba ikdienas kl\u012bniskaj\u0101 praks\u0113: IBD-PODCAST p\u0113t\u012bjuma apskats\" srcset=\"https:\/\/lkksb.lv\/wp-content\/uploads\/2025\/11\/zina-2025-1109_825x400.jpg 825w, https:\/\/lkksb.lv\/wp-content\/uploads\/2025\/11\/zina-2025-1109_825x400-300x145.jpg 300w, https:\/\/lkksb.lv\/wp-content\/uploads\/2025\/11\/zina-2025-1109_825x400-768x372.jpg 768w\" sizes=\"(max-width: 825px) 100vw, 825px\" \/><\/a><\/div><div class=\"o-posts-grid-post-body\"><h4 class=\"o-posts-grid-post-title\"><a href=\"https:\/\/lkksb.lv\/?p=1933\">Slim\u012bbas uzraudz\u012bba ikdienas kl\u012bniskaj\u0101 praks\u0113: IBD-PODCAST p\u0113t\u012bjuma apskats<\/a><\/h4><p class=\"o-posts-grid-post-meta\">Posted on <time datetime=\"2025-11-09T17:25:08+02:00\">9. novembris, 2025<\/time> <\/p><div class=\"o-posts-grid-post-description\"><p>Krona slim\u012bba (KS) un \u010d\u016blainais kol\u012bts (\u010cK) ir progres\u012bvas iekais\u012bgas zarnu slim\u012bbas (IZS), kas bie\u017e\u2026<\/p><\/div><\/div><\/div><\/div><div class=\"o-posts-grid-post-blog o-posts-grid-post-plain\"><div class=\"o-posts-grid-post\"><div class=\"o-posts-grid-post-image\"><a href=\"https:\/\/lkksb.lv\/?p=1925\"><img loading=\"lazy\" decoding=\"async\" width=\"825\" height=\"400\" src=\"https:\/\/lkksb.lv\/wp-content\/uploads\/2025\/11\/2025_1109_ueg_week_2025_825x400.jpg\" class=\"attachment-full size-full\" alt=\"UEG Ned\u0113\u013ca 2025 Berl\u012bn\u0113\" srcset=\"https:\/\/lkksb.lv\/wp-content\/uploads\/2025\/11\/2025_1109_ueg_week_2025_825x400.jpg 825w, https:\/\/lkksb.lv\/wp-content\/uploads\/2025\/11\/2025_1109_ueg_week_2025_825x400-300x145.jpg 300w, https:\/\/lkksb.lv\/wp-content\/uploads\/2025\/11\/2025_1109_ueg_week_2025_825x400-768x372.jpg 768w\" sizes=\"(max-width: 825px) 100vw, 825px\" \/><\/a><\/div><div class=\"o-posts-grid-post-body\"><h4 class=\"o-posts-grid-post-title\"><a href=\"https:\/\/lkksb.lv\/?p=1925\">UEG Ned\u0113\u013ca 2025 Berl\u012bn\u0113<\/a><\/h4><p class=\"o-posts-grid-post-meta\">Posted on <time datetime=\"2025-11-09T17:18:26+02:00\">9. novembris, 2025<\/time> <\/p><div class=\"o-posts-grid-post-description\"><p>Oktobra s\u0101kum\u0101, no 3. l\u012bdz 5. oktobrim, Berl\u012bn\u0113 norisin\u0101j\u0101s UEG (United European Gastroenterology) n\u2026<\/p><\/div><\/div><\/div><\/div><div class=\"o-posts-grid-post-blog o-posts-grid-post-plain\"><div class=\"o-posts-grid-post\"><div class=\"o-posts-grid-post-image\"><a href=\"https:\/\/lkksb.lv\/?p=1917\"><img loading=\"lazy\" decoding=\"async\" width=\"825\" height=\"400\" src=\"https:\/\/lkksb.lv\/wp-content\/uploads\/2025\/03\/Berlin-2025_825x400.jpg\" class=\"attachment-full size-full\" alt=\"EFCCA konference ECCO 20. kongresa ietvaros Berl\u012bn\u0113 2025. gad\u0101\" srcset=\"https:\/\/lkksb.lv\/wp-content\/uploads\/2025\/03\/Berlin-2025_825x400.jpg 825w, https:\/\/lkksb.lv\/wp-content\/uploads\/2025\/03\/Berlin-2025_825x400-300x145.jpg 300w, https:\/\/lkksb.lv\/wp-content\/uploads\/2025\/03\/Berlin-2025_825x400-768x372.jpg 768w\" sizes=\"(max-width: 825px) 100vw, 825px\" \/><\/a><\/div><div class=\"o-posts-grid-post-body\"><h4 class=\"o-posts-grid-post-title\"><a href=\"https:\/\/lkksb.lv\/?p=1917\">EFCCA konference ECCO 20. kongresa ietvaros Berl\u012bn\u0113 2025. gad\u0101<\/a><\/h4><p class=\"o-posts-grid-post-meta\">Posted on <time datetime=\"2025-03-21T18:04:53+02:00\">21. marts, 2025<\/time> <\/p><div class=\"o-posts-grid-post-description\"><p>No 19. l\u012bdz 22. febru\u0101rim Berl\u012bn\u0113 notika ECCO (European Chron\u2019s and Colitis Otganisation) 20. kongre\u2026<\/p><\/div><\/div><\/div><\/div><div class=\"o-posts-grid-post-blog o-posts-grid-post-plain\"><div class=\"o-posts-grid-post\"><div class=\"o-posts-grid-post-image\"><a href=\"https:\/\/lkksb.lv\/?p=1909\"><img loading=\"lazy\" decoding=\"async\" width=\"825\" height=\"400\" src=\"https:\/\/lkksb.lv\/wp-content\/uploads\/2024\/12\/2024_1205_825x400.jpg\" class=\"attachment-full size-full\" alt=\"Diab\u0113ta un zarnu slim\u012bbu pacientiem valsts apmaks\u0101s jaunus pakalpojumus\" srcset=\"https:\/\/lkksb.lv\/wp-content\/uploads\/2024\/12\/2024_1205_825x400.jpg 825w, https:\/\/lkksb.lv\/wp-content\/uploads\/2024\/12\/2024_1205_825x400-300x145.jpg 300w, https:\/\/lkksb.lv\/wp-content\/uploads\/2024\/12\/2024_1205_825x400-768x372.jpg 768w\" sizes=\"(max-width: 825px) 100vw, 825px\" \/><\/a><\/div><div class=\"o-posts-grid-post-body\"><h4 class=\"o-posts-grid-post-title\"><a href=\"https:\/\/lkksb.lv\/?p=1909\">Diab\u0113ta un zarnu slim\u012bbu pacientiem valsts apmaks\u0101s jaunus pakalpojumus<\/a><\/h4><p class=\"o-posts-grid-post-meta\">Posted on <time datetime=\"2024-12-05T16:59:21+02:00\">5. decembris, 2024<\/time> <\/p><div class=\"o-posts-grid-post-description\"><p>2025. gad\u0101 Paula Stradi\u0146a kl\u012bniskaj\u0101 universit\u0101tes slimn\u012bc\u0101 darbu s\u0101ks multidisciplin\u0101ra komanda iek\u2026<\/p><\/div><\/div><\/div><\/div><\/div> <\/div>","protected":false},"excerpt":{"rendered":"<p>Par biedr\u012bbu Jaun\u0101k\u0101s zi\u0146as<\/p>\n","protected":false},"author":1,"featured_media":0,"parent":0,"menu_order":0,"comment_status":"closed","ping_status":"closed","template":"","meta":{"_themeisle_gutenberg_block_has_review":false,"footnotes":""},"class_list":["post-1234","page","type-page","status-publish","hentry"],"_links":{"self":[{"href":"https:\/\/lkksb.lv\/index.php?rest_route=\/wp\/v2\/pages\/1234","targetHints":{"allow":["GET"]}}],"collection":[{"href":"https:\/\/lkksb.lv\/index.php?rest_route=\/wp\/v2\/pages"}],"about":[{"href":"https:\/\/lkksb.lv\/index.php?rest_route=\/wp\/v2\/types\/page"}],"author":[{"embeddable":true,"href":"https:\/\/lkksb.lv\/index.php?rest_route=\/wp\/v2\/users\/1"}],"replies":[{"embeddable":true,"href":"https:\/\/lkksb.lv\/index.php?rest_route=%2Fwp%2Fv2%2Fcomments&post=1234"}],"version-history":[{"count":25,"href":"https:\/\/lkksb.lv\/index.php?rest_route=\/wp\/v2\/pages\/1234\/revisions"}],"predecessor-version":[{"id":1824,"href":"https:\/\/lkksb.lv\/index.php?rest_route=\/wp\/v2\/pages\/1234\/revisions\/1824"}],"wp:attachment":[{"href":"https:\/\/lkksb.lv\/index.php?rest_route=%2Fwp%2Fv2%2Fmedia&parent=1234"}],"curies":[{"name":"wp","href":"https:\/\/api.w.org\/{rel}","templated":true}]}}